{"id":1541,"date":"2025-02-20T17:57:28","date_gmt":"2025-02-20T16:57:28","guid":{"rendered":"https:\/\/kcoadb25.akryldev.de\/politique-de-confidentialite\/"},"modified":"2025-09-17T15:07:06","modified_gmt":"2025-09-17T13:07:06","slug":"politique-de-confidentialite","status":"publish","type":"page","link":"https:\/\/db.kcoa-africa.org\/fr\/politique-de-confidentialite\/","title":{"rendered":"Politique de confidentialit\u00e9"},"content":{"rendered":"\t\t<div data-elementor-type=\"wp-page\" data-elementor-id=\"1541\" class=\"elementor elementor-1541 elementor-153\" data-elementor-post-type=\"page\">\n\t\t\t\t<div class=\"elementor-element elementor-element-559a1083 e-flex e-con-boxed e-con e-parent\" data-id=\"559a1083\" data-element_type=\"container\" data-settings=\"{&quot;jet_parallax_layout_list&quot;:[]}\">\n\t\t\t\t\t<div class=\"e-con-inner\">\n\t\t\t\t<div class=\"elementor-element elementor-element-ecccc4c elementor-widget elementor-widget-heading\" data-id=\"ecccc4c\" data-element_type=\"widget\" data-widget_type=\"heading.default\">\n\t\t\t\t<div class=\"elementor-widget-container\">\n\t\t\t\t\t<h1 class=\"elementor-heading-title elementor-size-default\">Politique de confidentialit\u00e9<\/h1>\t\t\t\t<\/div>\n\t\t\t\t<\/div>\n\t\t\t\t<div class=\"elementor-element elementor-element-779ff8c elementor-widget elementor-widget-text-editor\" data-id=\"779ff8c\" data-element_type=\"widget\" data-widget_type=\"text-editor.default\">\n\t\t\t\t<div class=\"elementor-widget-container\">\n\t\t\t\t\t\t\t\t\t<p>Le traitement des donn\u00e9es rel\u00e8ve de la responsabilit\u00e9 de la Deutsche Gesellschaft f\u00fcr Internationale Zusammenarbeit (GIZ) GmbH.<\/p><p><strong>Adresse postale :<\/strong><br>Friedrich-Ebert-Allee 36 + 40, 53113 Bonn<br>Dag-Hammarskj\u00f6ld-Weg 1-5, 65760 Eschborn<\/p><p><strong>Contactez le projet mondial Knowledge Center for Organic Agriculture and Agroecology in Africa (KCOA) :<\/strong><br><a href=\"mailto:kcoa@giz.de\">kcoa@giz.de<\/a><\/p><p><strong>Coordonn\u00e9es du d\u00e9l\u00e9gu\u00e9 \u00e0 la protection des donn\u00e9es :<\/strong><br><a href=\"https:\/\/db.kcoa-africa.org\/info\/policy\/\">datenschutzbeauftragter@giz.de<\/a><\/p><p><strong>Informations sur les journaux et les cookies<\/strong><\/p><p>Lorsque vous acc\u00e9dez au site Web de l&rsquo;APECK, des informations telles que les pages visit\u00e9es, l&rsquo;heure et la date d&rsquo;acc\u00e8s, l&rsquo;adresse du protocole Internet (IP), ainsi que le navigateur et le syst\u00e8me d&rsquo;exploitation que vous utilisez, sont collect\u00e9es. Ceci afin d&rsquo;assurer un fonctionnement efficace et s\u00fbr du site web.<\/p><p>La base de donn\u00e9es KCOA utilise \u00e9galement des cookies. Les cookies sont de petits fichiers texte qui sont stock\u00e9s localement dans le cache de votre navigateur \u00e0 des fins de traitement technique. Sans cookies ou lorsque les cookies ont \u00e9t\u00e9 d\u00e9sactiv\u00e9s dans le navigateur, il n&rsquo;est pas possible d&rsquo;utiliser pleinement ce site web. Le mode d&rsquo;enregistrement hors ligne de la base de donn\u00e9es repose \u00e9galement sur les cookies.<\/p><p>Des cookies de session temporaires sont utilis\u00e9s chaque fois que vous consultez une page individuelle, afin de faciliter la navigation. Les cookies de session temporaires ne contiennent aucune donn\u00e9e personnelle et expirent \u00e0 la fin de chaque session.<\/p><p>Nous n&rsquo;utilisons pas de m\u00e9thodes telles que les applets Java ou les contr\u00f4les ActiveX qui permettent de suivre votre comportement de navigation.<\/p><p>Les donn\u00e9es sont trait\u00e9es sur la base de l&rsquo;art. 6 paragraphe 1 e) du R\u00e8glement g\u00e9n\u00e9ral sur la protection des donn\u00e9es (RGPD) de l&rsquo;UE, dans l&rsquo;int\u00e9r\u00eat l\u00e9gitime d&rsquo;analyser l&rsquo;utilisation afin d&rsquo;am\u00e9liorer le site web de l&rsquo;entreprise.<\/p><p><strong>Enregistrement de l&rsquo;utilisateur<\/strong><\/p><p>Lorsque vous compl\u00e9tez le processus d&rsquo;enregistrement dans la base de donn\u00e9es de KCOA, nous traitons vos nom et pr\u00e9nom, votre fonction au sein de KCOA ou en relation avec elle, votre pays et votre sexe. Les donn\u00e9es sont trait\u00e9es sur la base de l&rsquo;Art. 6 paragraphe 1 a) du GDPR de l&rsquo;UE dans le but d&rsquo;ex\u00e9cuter le processus de collecte, de v\u00e9rification et de validation de la base de donn\u00e9es de KCOA, y compris l&rsquo;\u00e9tablissement de permissions d&rsquo;utilisateur correctes. Il est \u00e9galement trait\u00e9 pour \u00e9valuer les parties contributrices. En cliquant sur le lien d&rsquo;inscription et en compl\u00e9tant le formulaire d&rsquo;inscription, vous acceptez cette proc\u00e9dure.<\/p><p>Les donn\u00e9es ne seront pas transmises \u00e0 des tiers. Vous avez la possibilit\u00e9 de supprimer votre profil d&rsquo;utilisateur et, par cons\u00e9quent, d&rsquo;effacer toutes vos informations personnelles. Tous les produits de la connaissance que vous avez t\u00e9l\u00e9charg\u00e9s avec succ\u00e8s resteront dans la base de donn\u00e9es de KCOA.<\/p><p>Les donn\u00e9es sont transmises \u00e0 la GIZ au moyen d&rsquo;une connexion crypt\u00e9e SSL, ce qui rend l&rsquo;interception par des personnes non autoris\u00e9es beaucoup plus difficile.<\/p><p><strong>Destinataires des donn\u00e9es \u00e0 caract\u00e8re personnel<\/strong><\/p><ul class=\"wp-block-list\"><li>Les donn\u00e9es ne sont pas transmises \u00e0 des tiers ;<\/li><li>En r\u00e8gle g\u00e9n\u00e9rale, les donn\u00e9es ne sont pas transmises \u00e0 des \u00c9tats tiers. Un \u00c9tat tiers est un \u00c9tat autre que les \u00c9tats membres de l&rsquo;UE et les trois \u00c9tats de l&rsquo;AELE membres de l&rsquo;EEE (Norv\u00e8ge, Islande et Liechtenstein) qui ont adopt\u00e9 une loi nationale mettant en \u0153uvre le r\u00e8glement g\u00e9n\u00e9ral sur la protection des donn\u00e9es (RGPD).<\/li><\/ul><p><br><strong>Dur\u00e9e de conservation des donn\u00e9es<\/strong><\/p><p>Les donn\u00e9es \u00e0 caract\u00e8re personnel sont r\u00e9guli\u00e8rement effac\u00e9es lorsque<\/p><ul class=\"wp-block-list\"><li>Elles ne sont plus n\u00e9cessaires \u00e0 des fins contractuelles (par exemple, pour des contrats de service) ;<\/li><li>Les obligations et les d\u00e9lais l\u00e9gaux de conservation des donn\u00e9es ont expir\u00e9.<\/li><\/ul><p><br><strong>Droits de l&rsquo;utilisateur<\/strong><\/p><p>Vous avez le droit de :<\/p><ul class=\"wp-block-list\"><li>\u00catre inform\u00e9 du traitement de vos donn\u00e9es personnelles ;<\/li><li>Faire rectifier vos donn\u00e9es personnelles si elles sont inexactes et faire compl\u00e9ter les donn\u00e9es personnelles incompl\u00e8tes ;<\/li><li>S&rsquo;opposer au traitement de vos donn\u00e9es personnelles ;<\/li><li>Restreindre le traitement de vos donn\u00e9es personnelles ;<\/li><li>Faire effacer vos donn\u00e9es personnelles (le \u00ab droit \u00e0 l&rsquo;oubli \u00bb) ;<\/li><li>Demander l&rsquo;acc\u00e8s \u00e0 vos donn\u00e9es personnelles et des informations sur la mani\u00e8re dont nous les traitons ;<\/li><li>Ne pas faire l&rsquo;objet d&rsquo;une prise de d\u00e9cision automatis\u00e9e, y compris d&rsquo;un profilage ;<\/li><\/ul><p><br>Vous pouvez exercer ces droits et communiquer vos questions ou r\u00e9clamations concernant ce site web en contactant KCOA \u00e0 kcoa[at]giz.de. Vous avez \u00e9galement le droit de d\u00e9poser une plainte aupr\u00e8s de l&rsquo;autorit\u00e9 de contr\u00f4le de la protection des donn\u00e9es comp\u00e9tente. L&rsquo;autorit\u00e9 responsable dans ce cas est le <a href=\"https:\/\/db.kcoa-africa.org\/info\/policy\/\">Commissaire f\u00e9d\u00e9ral allemand \u00e0 la protection des donn\u00e9es et \u00e0 la libert\u00e9 d&rsquo;information (BfDI).<\/a><\/p>\t\t\t\t\t\t\t\t<\/div>\n\t\t\t\t<\/div>\n\t\t\t\t\t<\/div>\n\t\t\t\t<\/div>\n\t\t\t\t<\/div>\n\t\t","protected":false},"excerpt":{"rendered":"<p>Politique de confidentialit\u00e9 Le traitement des donn\u00e9es rel\u00e8ve de la responsabilit\u00e9 de la Deutsche Gesellschaft f\u00fcr Internationale Zusammenarbeit (GIZ) GmbH. Adresse postale :Friedrich-Ebert-Allee 36 + 40, 53113 BonnDag-Hammarskj\u00f6ld-Weg 1-5, 65760 Eschborn Contactez le projet mondial Knowledge Center for Organic Agriculture and Agroecology in Africa (KCOA) :kcoa@giz.de Coordonn\u00e9es du d\u00e9l\u00e9gu\u00e9 \u00e0 la protection des donn\u00e9es :datenschutzbeauftragter@giz.de [&hellip;]<\/p>\n","protected":false},"author":4,"featured_media":0,"parent":0,"menu_order":0,"comment_status":"closed","ping_status":"closed","template":"elementor_theme","meta":{"_acf_changed":false,"advgb_blocks_editor_width":"","advgb_blocks_columns_visual_guide":"","footnotes":""},"class_list":["post-1541","page","type-page","status-publish","hentry"],"pp_statuses_selecting_workflow":false,"pp_workflow_action":"current","pp_status_selection":"publish","pp_post_mime_type":"","acf":[],"coauthors":[],"author_meta":{"author_link":"https:\/\/db.kcoa-africa.org\/fr\/profil\/akryl_ben\/","display_name":"Akryl_ben"},"relative_dates":{"created":"Publi\u00e9 1 an il y a","modified":"Mis \u00e0 jour 7 mois il y a"},"absolute_dates":{"created":"Publi\u00e9 le 20. f\u00e9vrier 2025","modified":"Mise \u00e0 jour le 17. septembre 2025"},"absolute_dates_time":{"created":"Publi\u00e9 le 20. f\u00e9vrier 2025 17:57","modified":"Mise \u00e0 jour le 17. septembre 2025 15:07"},"featured_img_caption":"","featured_img":false,"series_order":"","_links":{"self":[{"href":"https:\/\/db.kcoa-africa.org\/fr\/wp-json\/wp\/v2\/pages\/1541","targetHints":{"allow":["GET"]}}],"collection":[{"href":"https:\/\/db.kcoa-africa.org\/fr\/wp-json\/wp\/v2\/pages"}],"about":[{"href":"https:\/\/db.kcoa-africa.org\/fr\/wp-json\/wp\/v2\/types\/page"}],"author":[{"embeddable":true,"href":"https:\/\/db.kcoa-africa.org\/fr\/wp-json\/wp\/v2\/users\/4"}],"replies":[{"embeddable":true,"href":"https:\/\/db.kcoa-africa.org\/fr\/wp-json\/wp\/v2\/comments?post=1541"}],"version-history":[{"count":5,"href":"https:\/\/db.kcoa-africa.org\/fr\/wp-json\/wp\/v2\/pages\/1541\/revisions"}],"predecessor-version":[{"id":23670,"href":"https:\/\/db.kcoa-africa.org\/fr\/wp-json\/wp\/v2\/pages\/1541\/revisions\/23670"}],"wp:attachment":[{"href":"https:\/\/db.kcoa-africa.org\/fr\/wp-json\/wp\/v2\/media?parent=1541"}],"curies":[{"name":"wp","href":"https:\/\/api.w.org\/{rel}","templated":true}]}}