{"id":1543,"date":"2025-02-20T17:56:57","date_gmt":"2025-02-20T16:56:57","guid":{"rendered":"https:\/\/kcoadb25.akryldev.de\/mentions-legales\/"},"modified":"2025-07-02T15:29:55","modified_gmt":"2025-07-02T13:29:55","slug":"mentions-legales","status":"publish","type":"page","link":"https:\/\/db.kcoa-africa.org\/fr\/mentions-legales\/","title":{"rendered":"Mentions l\u00e9gales"},"content":{"rendered":"\t\t<div data-elementor-type=\"wp-page\" data-elementor-id=\"1543\" class=\"elementor elementor-1543 elementor-151\" data-elementor-post-type=\"page\">\n\t\t\t\t<div class=\"elementor-element elementor-element-b400cd9 e-flex e-con-boxed e-con e-parent\" data-id=\"b400cd9\" data-element_type=\"container\" data-settings=\"{&quot;jet_parallax_layout_list&quot;:[]}\">\n\t\t\t\t\t<div class=\"e-con-inner\">\n\t\t\t\t<div class=\"elementor-element elementor-element-0594b0a elementor-widget elementor-widget-heading\" data-id=\"0594b0a\" data-element_type=\"widget\" data-widget_type=\"heading.default\">\n\t\t\t\t<div class=\"elementor-widget-container\">\n\t\t\t\t\t<h1 class=\"elementor-heading-title elementor-size-default\">Mentions l\u00e9gales<\/h1>\t\t\t\t<\/div>\n\t\t\t\t<\/div>\n\t\t\t\t<div class=\"elementor-element elementor-element-2853f18c elementor-widget elementor-widget-text-editor\" data-id=\"2853f18c\" data-element_type=\"widget\" data-widget_type=\"text-editor.default\">\n\t\t\t\t<div class=\"elementor-widget-container\">\n\t\t\t\t\t\t\t\t\t<p><strong>Deutsche Gesellschaft f\u00fcr Internationale Zusammenarbeit (GIZ) GmbH<\/strong><\/p><p><strong>Si\u00e8ges sociaux<\/strong><br \/>Bonn et Eschborn, Allemagne<\/p><p>Friedrich-Ebert-Allee 36 + 40<br \/>53113 Bonn, Allemagne<br \/>T\u00e9l\u00e9phone: +49 228 44 60-0<br \/>Fax: +49 228 44 60-17 66<\/p><p>Dag-Hammarskj\u00f6ld-Weg 1-5<br \/>65760 Eschborn, Allemagne<br \/>T\u00e9l\u00e9phone: +49 61 96 79-0<br \/>Fax: +49 61 96 79-11 15<\/p><p><a href=\"mailto:kcoa@giz.de\">Courriel: kcoa@giz.de<\/a><br \/><a href=\"https:\/\/www.giz.de\" target=\"_blank\" rel=\"noreferrer noopener\">Internet: www.giz.de<\/a><\/p><p><strong>Enregistr\u00e9 \u00e0<\/strong><br \/>Tribunal d&rsquo;instance (Amtsgericht) Bonn, Allemagne : HRB 18384<br \/>Tribunal d&rsquo;instance (Amtsgericht) Francfort-sur-le-Main, Allemagne : HRB 12394<\/p><p><strong>Num\u00e9ro de TVA<\/strong><br \/>DE 113891176<\/p><p><strong>Pr\u00e9sident du conseil de surveillance<\/strong><br \/>Niels Annen<br \/>Secr\u00e9taire d\u2019\u00c9tat au minist\u00e8re f\u00e9d\u00e9ral de la Coop\u00e9ration \u00e9conomique et du D\u00e9veloppement<\/p><p><strong>Conseil d&rsquo;administration<\/strong><br \/>Thorsten Sch\u00e4fer-G\u00fcmbel (Chair of the Management Board)<br \/>Ingrid-Gabriela Hoven (Vice-Chair of the Management Board)<br \/>Anna Sophie Herken<\/p>\t\t\t\t\t\t\t\t<\/div>\n\t\t\t\t<\/div>\n\t\t\t\t\t<\/div>\n\t\t\t\t<\/div>\n\t\t\t\t<\/div>\n\t\t","protected":false},"excerpt":{"rendered":"<p>Mentions l\u00e9gales Deutsche Gesellschaft f\u00fcr Internationale Zusammenarbeit (GIZ) GmbH Si\u00e8ges sociauxBonn et Eschborn, Allemagne Friedrich-Ebert-Allee 36 + 4053113 Bonn, AllemagneT\u00e9l\u00e9phone: +49 228 44 60-0Fax: +49 228 44 60-17 66 Dag-Hammarskj\u00f6ld-Weg 1-565760 Eschborn, AllemagneT\u00e9l\u00e9phone: +49 61 96 79-0Fax: +49 61 96 79-11 15 Courriel: kcoa@giz.deInternet: www.giz.de Enregistr\u00e9 \u00e0Tribunal d&rsquo;instance (Amtsgericht) Bonn, Allemagne : HRB 18384Tribunal d&rsquo;instance [&hellip;]<\/p>\n","protected":false},"author":4,"featured_media":0,"parent":0,"menu_order":0,"comment_status":"closed","ping_status":"closed","template":"elementor_theme","meta":{"_acf_changed":false,"advgb_blocks_editor_width":"","advgb_blocks_columns_visual_guide":"","footnotes":""},"class_list":["post-1543","page","type-page","status-publish","hentry"],"pp_statuses_selecting_workflow":false,"pp_workflow_action":"current","pp_status_selection":"publish","pp_post_mime_type":"","acf":[],"coauthors":[],"author_meta":{"author_link":"https:\/\/db.kcoa-africa.org\/fr\/profil\/akryl_ben\/","display_name":"Akryl_ben"},"relative_dates":{"created":"Publi\u00e9 1 an il y a","modified":"Mis \u00e0 jour 9 mois il y a"},"absolute_dates":{"created":"Publi\u00e9 le 20. f\u00e9vrier 2025","modified":"Mise \u00e0 jour le 2. juillet 2025"},"absolute_dates_time":{"created":"Publi\u00e9 le 20. f\u00e9vrier 2025 17:56","modified":"Mise \u00e0 jour le 2. juillet 2025 15:29"},"featured_img_caption":"","featured_img":false,"series_order":"","_links":{"self":[{"href":"https:\/\/db.kcoa-africa.org\/fr\/wp-json\/wp\/v2\/pages\/1543","targetHints":{"allow":["GET"]}}],"collection":[{"href":"https:\/\/db.kcoa-africa.org\/fr\/wp-json\/wp\/v2\/pages"}],"about":[{"href":"https:\/\/db.kcoa-africa.org\/fr\/wp-json\/wp\/v2\/types\/page"}],"author":[{"embeddable":true,"href":"https:\/\/db.kcoa-africa.org\/fr\/wp-json\/wp\/v2\/users\/4"}],"replies":[{"embeddable":true,"href":"https:\/\/db.kcoa-africa.org\/fr\/wp-json\/wp\/v2\/comments?post=1543"}],"version-history":[{"count":4,"href":"https:\/\/db.kcoa-africa.org\/fr\/wp-json\/wp\/v2\/pages\/1543\/revisions"}],"predecessor-version":[{"id":3286,"href":"https:\/\/db.kcoa-africa.org\/fr\/wp-json\/wp\/v2\/pages\/1543\/revisions\/3286"}],"wp:attachment":[{"href":"https:\/\/db.kcoa-africa.org\/fr\/wp-json\/wp\/v2\/media?parent=1543"}],"curies":[{"name":"wp","href":"https:\/\/api.w.org\/{rel}","templated":true}]}}