{"id":1545,"date":"2025-02-20T17:56:26","date_gmt":"2025-02-20T16:56:26","guid":{"rendered":"https:\/\/kcoadb25.akryldev.de\/contact\/"},"modified":"2025-09-18T12:52:47","modified_gmt":"2025-09-18T10:52:47","slug":"contactez-nous","status":"publish","type":"page","link":"https:\/\/db.kcoa-africa.org\/fr\/contactez-nous\/","title":{"rendered":"Contact"},"content":{"rendered":"\t\t<div data-elementor-type=\"wp-page\" data-elementor-id=\"1545\" class=\"elementor elementor-1545 elementor-149\" data-elementor-post-type=\"page\">\n\t\t\t\t<div class=\"elementor-element elementor-element-3fd4a4e e-flex e-con-boxed e-con e-parent\" data-id=\"3fd4a4e\" data-element_type=\"container\" data-settings=\"{&quot;jet_parallax_layout_list&quot;:[]}\">\n\t\t\t\t\t<div class=\"e-con-inner\">\n\t\t\t\t<div class=\"elementor-element elementor-element-a854506 elementor-widget elementor-widget-heading\" data-id=\"a854506\" data-element_type=\"widget\" data-widget_type=\"heading.default\">\n\t\t\t\t<div class=\"elementor-widget-container\">\n\t\t\t\t\t<h1 class=\"elementor-heading-title elementor-size-default\">Contact<\/h1>\t\t\t\t<\/div>\n\t\t\t\t<\/div>\n\t\t\t\t<div class=\"elementor-element elementor-element-509ccd13 elementor-widget elementor-widget-text-editor\" data-id=\"509ccd13\" data-element_type=\"widget\" data-widget_type=\"text-editor.default\">\n\t\t\t\t<div class=\"elementor-widget-container\">\n\t\t\t\t\t\t\t\t\t<p>Si vous avez des questions concernant la base de donn\u00e9es de connaissances du CCAB ou des probl\u00e8mes techniques li\u00e9s au processus de t\u00e9l\u00e9chargement, n\u2019h\u00e9sitez pas \u00e0 nous contacter. Nous r\u00e9pondrons \u00e0 votre question dans les plus brefs d\u00e9lais.<\/p><p>Pour toute question sur le processus: <a href=\"mailto:kcoa@giz.de\">kcoa@giz.de<\/a><\/p><p>Pour signaler un probl\u00e8me technique, veuillez utiliser notre <a href=\"https:\/\/kcoadb25.akryldev.de\/fr\/soutien\/\" target=\"_blank\" rel=\"noreferrer noopener\" data-type=\"page\" data-id=\"117\">Soutien<\/a><\/p>\t\t\t\t\t\t\t\t<\/div>\n\t\t\t\t<\/div>\n\t\t\t\t\t<\/div>\n\t\t\t\t<\/div>\n\t\t\t\t<\/div>\n\t\t","protected":false},"excerpt":{"rendered":"<p>Contact Si vous avez des questions concernant la base de donn\u00e9es de connaissances du CCAB ou des probl\u00e8mes techniques li\u00e9s au processus de t\u00e9l\u00e9chargement, n\u2019h\u00e9sitez pas \u00e0 nous contacter. Nous r\u00e9pondrons \u00e0 votre question dans les plus brefs d\u00e9lais. Pour toute question sur le processus: kcoa@giz.de Pour signaler un probl\u00e8me technique, veuillez utiliser notre Soutien<\/p>\n","protected":false},"author":4,"featured_media":0,"parent":0,"menu_order":0,"comment_status":"closed","ping_status":"closed","template":"elementor_theme","meta":{"_acf_changed":false,"advgb_blocks_editor_width":"","advgb_blocks_columns_visual_guide":"","footnotes":""},"class_list":["post-1545","page","type-page","status-publish","hentry"],"pp_statuses_selecting_workflow":false,"pp_workflow_action":"current","pp_status_selection":"publish","pp_post_mime_type":"","acf":[],"coauthors":[],"author_meta":{"author_link":"https:\/\/db.kcoa-africa.org\/fr\/profil\/akryl_ben\/","display_name":"Akryl_ben"},"relative_dates":{"created":"Publi\u00e9 1 an il y a","modified":"Mis \u00e0 jour 7 mois il y a"},"absolute_dates":{"created":"Publi\u00e9 le 20. f\u00e9vrier 2025","modified":"Mise \u00e0 jour le 18. septembre 2025"},"absolute_dates_time":{"created":"Publi\u00e9 le 20. f\u00e9vrier 2025 17:56","modified":"Mise \u00e0 jour le 18. septembre 2025 12:52"},"featured_img_caption":"","featured_img":false,"series_order":"","_links":{"self":[{"href":"https:\/\/db.kcoa-africa.org\/fr\/wp-json\/wp\/v2\/pages\/1545","targetHints":{"allow":["GET"]}}],"collection":[{"href":"https:\/\/db.kcoa-africa.org\/fr\/wp-json\/wp\/v2\/pages"}],"about":[{"href":"https:\/\/db.kcoa-africa.org\/fr\/wp-json\/wp\/v2\/types\/page"}],"author":[{"embeddable":true,"href":"https:\/\/db.kcoa-africa.org\/fr\/wp-json\/wp\/v2\/users\/4"}],"replies":[{"embeddable":true,"href":"https:\/\/db.kcoa-africa.org\/fr\/wp-json\/wp\/v2\/comments?post=1545"}],"version-history":[{"count":4,"href":"https:\/\/db.kcoa-africa.org\/fr\/wp-json\/wp\/v2\/pages\/1545\/revisions"}],"predecessor-version":[{"id":23798,"href":"https:\/\/db.kcoa-africa.org\/fr\/wp-json\/wp\/v2\/pages\/1545\/revisions\/23798"}],"wp:attachment":[{"href":"https:\/\/db.kcoa-africa.org\/fr\/wp-json\/wp\/v2\/media?parent=1545"}],"curies":[{"name":"wp","href":"https:\/\/api.w.org\/{rel}","templated":true}]}}