{"id":1547,"date":"2025-02-20T17:58:00","date_gmt":"2025-02-20T16:58:00","guid":{"rendered":"https:\/\/kcoadb25.akryldev.de\/avertissement\/"},"modified":"2025-06-02T11:20:54","modified_gmt":"2025-06-02T09:20:54","slug":"avertissement","status":"publish","type":"page","link":"https:\/\/db.kcoa-africa.org\/fr\/avertissement\/","title":{"rendered":"Avertissement"},"content":{"rendered":"\t\t<div data-elementor-type=\"wp-page\" data-elementor-id=\"1547\" class=\"elementor elementor-1547 elementor-155\" data-elementor-post-type=\"page\">\n\t\t\t\t<div class=\"elementor-element elementor-element-1450d05a e-flex e-con-boxed e-con e-parent\" data-id=\"1450d05a\" data-element_type=\"container\" data-settings=\"{&quot;jet_parallax_layout_list&quot;:[]}\">\n\t\t\t\t\t<div class=\"e-con-inner\">\n\t\t\t\t<div class=\"elementor-element elementor-element-95f7655 elementor-widget elementor-widget-heading\" data-id=\"95f7655\" data-element_type=\"widget\" data-widget_type=\"heading.default\">\n\t\t\t\t<div class=\"elementor-widget-container\">\n\t\t\t\t\t<h1 class=\"elementor-heading-title elementor-size-default\">Avertissement<\/h1>\t\t\t\t<\/div>\n\t\t\t\t<\/div>\n\t\t\t\t<div class=\"elementor-element elementor-element-3d926ae2 elementor-widget elementor-widget-text-editor\" data-id=\"3d926ae2\" data-element_type=\"widget\" data-widget_type=\"text-editor.default\">\n\t\t\t\t<div class=\"elementor-widget-container\">\n\t\t\t\t\t\t\t\t\t<p>Le Centre de Connaissances pour l&rsquo;Agriculture Biologique et l&rsquo;Agro\u00e9cologie en Afrique (CCAB, <a href=\"https:\/\/db.kcoa-africa.org\/fr\/avertissement\">www.kcoa-africa.org<\/a>) est un projet global mandat\u00e9 par le minist\u00e8re allemand de la Coop\u00e9ration \u00e9conomique et du D\u00e9veloppement (BMZ). Il est mis en \u0153uvre par la Deutsche Gesellschaft f\u00fcr Internationale Zusammenarbeit (GIZ) GmbH en coop\u00e9ration avec ses partenaires (\u00e9num\u00e9r\u00e9s ci-dessous, appel\u00e9s conjointement \u00ab partenaires du CCAB \u00bb). Les Partenaires de lu CCAB collectent, valident et diffusent des informations tout au long de la cha\u00eene de valeur de l&rsquo;agriculture biologique afin de promouvoir l&rsquo;agriculture biologique en Afrique et s&rsquo;efforcent de fournir des produits de connaissance de la plus haute qualit\u00e9. Les produits de connaissance (PC) sont des produits techniques et m\u00e9thodologiques qui servent \u00e0 l&rsquo;\u00e9ducation\/la formation, la vulgarisation, le dialogue politique, la communication et la sensibilisation. Les PC contiennent des informations pertinentes et pr\u00e9cieuses sur l&rsquo;agriculture biologique et l&rsquo;agro\u00e9cologie.    <\/p><p>\u00c0 cette fin, les partenaires de CCAB s&rsquo;engagent \u00e0 garantir que les informations contenues sur ce site sont fid\u00e8les aux principes de l&rsquo;agriculture biologique et qu&rsquo;elles ont \u00e9t\u00e9 collect\u00e9es et diffus\u00e9es de mani\u00e8re l\u00e9gale et \u00e9thique. N\u00e9anmoins, les partenaires de CCAB n&rsquo;assument aucune responsabilit\u00e9 quant \u00e0 l&rsquo;usage qui est fait de ces informations et aux r\u00e9sultats obtenus. Les utilisateur.rice.s de ces informations sont libres de les utiliser selon leur propre jugement et \u00e0 leurs propres risques.  <\/p><p>Les produits de connaissance vous sont fournis \u00ab tels quels \u00bb. Ni les partenaires du CCAB, ni leurs employ\u00e9s, ni quiconque associ\u00e9 \u00e0 ces informations ne peut \u00eatre tenu responsable de toute perte, dommage ou inconv\u00e9nient, y compris la perte de b\u00e9n\u00e9fices, de revenus ou de propri\u00e9t\u00e9 intellectuelle ; directement ou indirectement caus\u00e9s ou pr\u00e9tendument caus\u00e9s par l&rsquo;utilisation ou l&rsquo;impossibilit\u00e9 d&rsquo;utiliser les informations sur le site Web du CCAB, <a href=\"https:\/\/db.kcoa-africa.org\/fr\/avertissement\">www.kcoa-africa.org<\/a> ou tout autre moyen de diffusion utilis\u00e9 par les partenaires du CCAB, y compris, mais sans s&rsquo;y limiter, des d\u00e9pliants, des affiches, des fiches d&rsquo;information, du mat\u00e9riel de formation, des images, des vid\u00e9os ou des enregistrements audio. <\/p><p>De plus, les partenaires du CCAB ne peuvent garantir que ses services seront ininterrompus ou sans erreur.<\/p><p>Les partenaires du CCAB n&rsquo;assument aucune responsabilit\u00e9 quant au contenu et \u00e0 la disponibilit\u00e9 des sites Web de tiers accessibles via des liens sur <a href=\"https:\/\/db.kcoa-africa.org\/fr\/avertissement\">www.kcoa-africa.org<\/a>. L&rsquo;inclusion de tout lien ne doit pas \u00eatre consid\u00e9r\u00e9e comme une approbation de quelque nature que ce soit par les partenaires du CCAB du site Web li\u00e9 ou de toute association avec ses op\u00e9rateur.rice.s. <\/p><h3>Liste des organisations impliqu\u00e9es dans le CCAB (\u201cpartenaires du CCAB\u201d)<\/h3><p><strong>Bailleur<\/strong><br>Minist\u00e8re f\u00e9d\u00e9ral allemand de la coop\u00e9ration \u00e9conomique et du d\u00e9veloppement (BMZ)<\/p><p><strong>Organisation de mise en \u0153uvre<\/strong><br>Deutsche Gesellschaft f\u00fcr Internationale Zusammenarbeit (GIZ) GmbH<\/p><p><strong>P\u00f4le de Connaissances de l\u2019Afrique Australe (PCAA)<\/strong><br><span style=\"text-decoration: underline\">Zambie<\/span><\/p><ul class=\"wp-block-list\"><li>Sustainability Institute (SI, <a href=\"https:\/\/db.kcoa-africa.org\/info\/disclaimer\/\">www.sustainabilityinstitute.net<\/a>)<\/li><li>Participatory Ecological Land Use Management Zambia (PELUM Zambia, <a href=\"https:\/\/db.kcoa-africa.org\/info\/disclaimer\/\">www.pelumzambia.org<\/a>)<\/li><li>Kasisi Agriculture Training Centre<\/li><\/ul><p><span style=\"text-decoration: underline\">South Africa<\/span><\/p><ul class=\"wp-block-list\"><li>Sustainability Institute (SI, <a href=\"https:\/\/db.kcoa-africa.org\/info\/disclaimer\/\">www.sustainabilityinstitute.net<\/a>)<\/li><li>South African Organic Sector Organisation (SAOSO, <a href=\"https:\/\/db.kcoa-africa.org\/info\/disclaimer\/\">www.saoso.org<\/a>)<\/li><li>PGS South Africa<\/li><\/ul><p><span style=\"text-decoration: underline\">Namibia<\/span><\/p><ul class=\"wp-block-list\"><li>Namibia Nature Foundation (NNF, <a href=\"https:\/\/db.kcoa-africa.org\/info\/disclaimer\/\">www.nnf.org.na<\/a>)<\/li><li>Namibian Organic Agriculture (NOA, <a href=\"https:\/\/db.kcoa-africa.org\/info\/disclaimer\/\">www.noa.org.na<\/a>)<\/li><\/ul><p><span style=\"text-decoration: underline\">Malawi<\/span><\/p><ul class=\"wp-block-list\"><li>Institut Kusamala<\/li><li>Soil, Food and Healthy Communities (SFHC, <a href=\"https:\/\/db.kcoa-africa.org\/info\/disclaimer\/\">soilandfood.org<\/a>)<\/li><\/ul><p><strong>P\u00f4le de Connaissances de l\u2019Afrique du Nord (PCAN)<\/strong><br><span style=\"text-decoration: underline\">\u00c9gypte<\/span><\/p><ul class=\"wp-block-list\"><li>SEKEM Development Foundation (SFD, <a href=\"https:\/\/db.kcoa-africa.org\/info\/disclaimer\/\">www.sekem.com\/en\/cultural-life\/sekem-development-foundation<\/a>)<\/li><li>Heliopolis University (HU, <a href=\"https:\/\/db.kcoa-africa.org\/info\/disclaimer\/\">hu.edu.eg<\/a>)<\/li><\/ul><p><span style=\"text-decoration: underline\">Maroc<\/span><\/p><ul class=\"wp-block-list\"><li>F\u00e9d\u00e9ration Interprofessionnelle Marocaine de la Fili\u00e8re Bio (FIMABIO, <a href=\"www.fimabio.com\">www.fimabio.com<\/a>)<\/li><\/ul><p><span style=\"text-decoration: underline\">Tunisie<\/span><\/p><ul class=\"wp-block-list\"><li>Centre Technique de l&rsquo;Agriculture Biologique (CTAB, <a href=\"www.ctab.nat.tn\">www.ctab.nat.tn<\/a>)<\/li><\/ul><p><strong>P\u00f4le de Connaissances de l\u2019Afrique de l\u2019Est (PCAE)<\/strong><br><span style=\"text-decoration: underline\">Ouganda<\/span><\/p><ul class=\"wp-block-list\"><li>Biovision Africa Trust (BvAT, <a href=\"www.biovisionafricatrust.org\">www.biovisionafricatrust.org<\/a>)<\/li><li>Participatory Ecological Land Use Management Uganda (PELUM Uganda, <a href=\"www.pelumuganda.org\">www.pelumuganda.org<\/a>)<\/li><\/ul><p><span style=\"text-decoration: underline\">Kenya<\/span><\/p><ul class=\"wp-block-list\"><li>Biovision Africa Trust (BvAT, <a href=\"www.biovisionafricatrust.org\">www.biovisionafricatrust.org<\/a>)<\/li><li>Participatory Ecological Land Use Management Kenya (PELUM Kenya, <a href=\"www.pelumuganda.org\">www.pelumuganda.org<\/a>)<\/li><\/ul><p><span style=\"text-decoration: underline\">Tanzanie<\/span><\/p><ul class=\"wp-block-list\"><li>Tanzanian Organic Agriculture Movement (TOAM, <a href=\"www.kilimohai.org\">www.kilimohai.org<\/a>)<\/li><\/ul><p><span style=\"text-decoration: underline\">Rwanda<\/span><\/p><ul class=\"wp-block-list\"><li>Rwandan Organic Agriculture Movement (ROAM, <a href=\"www.roam.org.rw\">www.roam.org.rw<\/a>)<\/li><\/ul><p><span style=\"text-decoration: underline\">Madagascar<\/span><\/p><ul><li>\u00c0 confirmer<\/li><\/ul><p><strong>P\u00f4le de Connaissance de l\u2019Afrique de l\u2019Ouest (PCAO)<\/strong><br><span style=\"text-decoration: underline\">Senegal<\/span><\/p><ul class=\"wp-block-list\"><li>Environnement D\u00e9veloppement Action pour la Protection Naturelle des Terroirs (ENDA Pronat, <a href=\"S\u00e9n\u00e9gal\">www.endapronat.org<\/a>)<\/li><li>F\u00e9d\u00e9ration Nationale pour l\u2019Agriculture Biologique (FENAB, <a href=\"www.fenab.org\">www.fenab.org<\/a>)<\/li><li>AGRECOL Afrique (<a href=\"www.agrecolafrique.org\">www.agrecolafrique.org<\/a>)<\/li><\/ul><p><span style=\"text-decoration: underline\">B\u00e9nin<\/span><\/p><ul class=\"wp-block-list\"><li>Centre Songhai (<a href=\"www.songhai.org\">www.songhai.org<\/a>)<\/li><\/ul><p><span style=\"text-decoration: underline\">Mali<\/span><\/p><ul class=\"wp-block-list\"><li>Coordination Nationale des Organisations Paysannes (CNOP, <a href=\"www.cnop-mali.org\">www.cnop-mali.org<\/a>)<\/li><\/ul><p><span style=\"text-decoration: underline\">Nig\u00e9ria<\/span><\/p><ul class=\"wp-block-list\"><li>Association of Organic Agriculture Practitioner of Nigeria (NOAN, <a href=\"www.noanigeria.net\">www.noanigeria.net<\/a>)<\/li><\/ul><p><span style=\"text-decoration: underline\">Gambie<\/span><\/p><ul><li>\u00c0 confirmer<\/li><\/ul><p><strong>P\u00f4le de Connaissances de l\u2019Afrique Centrale (PCAC)<\/strong><br><span style=\"text-decoration: underline\">Cameroun<\/span><\/p><ul class=\"wp-block-list\"><li>Centre Polyvalent de Formation de Mbouo (CPF, <a href=\"www.cpfmbouocmr.net\">www.cpfmbouocmr.net<\/a>)<\/li><li>Cercle International pour la Promotion de la Cr\u00e9ation (CIPCRE, <a href=\"www.cipcre.org\">www.cipcre.org<\/a>)<\/li><li>Groupement d&rsquo;Appui pour le D\u00e9veloppement Durable (GADD, <a href=\"www.ong-gadd.org\">www.ong-gadd.org<\/a>)<\/li><li>Inades-Formation Cameroun <a href=\"www.inadesformation.net\">(www.inadesformation.net)<\/a><\/li><li>Service d&rsquo;Appui aux Initiatives Locales de D\u00e9veloppement (SAILD, <a href=\"http:\/\/www.saild.org\/\">http:\/\/www.saild.org\/<\/a>)<\/li><\/ul><p><span style=\"text-decoration: underline\">Republique D\u00e9mocratique du Congo<\/span><\/p><ul><li>\u00c0 confirmer<\/li><\/ul><p><span style=\"text-decoration: underline\">Tchad<\/span><\/p><ul><li>\u00c0 confirmer<\/li><\/ul>\t\t\t\t\t\t\t\t<\/div>\n\t\t\t\t<\/div>\n\t\t\t\t\t<\/div>\n\t\t\t\t<\/div>\n\t\t\t\t<\/div>\n\t\t","protected":false},"excerpt":{"rendered":"<p>Avertissement Le Centre de Connaissances pour l&rsquo;Agriculture Biologique et l&rsquo;Agro\u00e9cologie en Afrique (CCAB, www.kcoa-africa.org) est un projet global mandat\u00e9 par le minist\u00e8re allemand de la Coop\u00e9ration \u00e9conomique et du D\u00e9veloppement (BMZ). Il est mis en \u0153uvre par la Deutsche Gesellschaft f\u00fcr Internationale Zusammenarbeit (GIZ) GmbH en coop\u00e9ration avec ses partenaires (\u00e9num\u00e9r\u00e9s ci-dessous, appel\u00e9s conjointement \u00ab [&hellip;]<\/p>\n","protected":false},"author":4,"featured_media":0,"parent":0,"menu_order":0,"comment_status":"closed","ping_status":"closed","template":"elementor_theme","meta":{"_acf_changed":false,"advgb_blocks_editor_width":"","advgb_blocks_columns_visual_guide":"","footnotes":""},"class_list":["post-1547","page","type-page","status-publish","hentry"],"pp_statuses_selecting_workflow":false,"pp_workflow_action":"current","pp_status_selection":"publish","pp_post_mime_type":"","acf":[],"coauthors":[],"author_meta":{"author_link":"https:\/\/db.kcoa-africa.org\/fr\/profil\/akryl_ben\/","display_name":"Akryl_ben"},"relative_dates":{"created":"Publi\u00e9 1 an il y a","modified":"Mis \u00e0 jour 10 mois il y a"},"absolute_dates":{"created":"Publi\u00e9 le 20. f\u00e9vrier 2025","modified":"Mise \u00e0 jour le 2. juin 2025"},"absolute_dates_time":{"created":"Publi\u00e9 le 20. f\u00e9vrier 2025 17:58","modified":"Mise \u00e0 jour le 2. juin 2025 11:20"},"featured_img_caption":"","featured_img":false,"series_order":"","_links":{"self":[{"href":"https:\/\/db.kcoa-africa.org\/fr\/wp-json\/wp\/v2\/pages\/1547","targetHints":{"allow":["GET"]}}],"collection":[{"href":"https:\/\/db.kcoa-africa.org\/fr\/wp-json\/wp\/v2\/pages"}],"about":[{"href":"https:\/\/db.kcoa-africa.org\/fr\/wp-json\/wp\/v2\/types\/page"}],"author":[{"embeddable":true,"href":"https:\/\/db.kcoa-africa.org\/fr\/wp-json\/wp\/v2\/users\/4"}],"replies":[{"embeddable":true,"href":"https:\/\/db.kcoa-africa.org\/fr\/wp-json\/wp\/v2\/comments?post=1547"}],"version-history":[{"count":1,"href":"https:\/\/db.kcoa-africa.org\/fr\/wp-json\/wp\/v2\/pages\/1547\/revisions"}],"predecessor-version":[{"id":1548,"href":"https:\/\/db.kcoa-africa.org\/fr\/wp-json\/wp\/v2\/pages\/1547\/revisions\/1548"}],"wp:attachment":[{"href":"https:\/\/db.kcoa-africa.org\/fr\/wp-json\/wp\/v2\/media?parent=1547"}],"curies":[{"name":"wp","href":"https:\/\/api.w.org\/{rel}","templated":true}]}}